{"id":8088,"date":"2025-01-03T06:49:52","date_gmt":"2025-01-03T06:49:52","guid":{"rendered":"http:\/\/dev-dug.flywheelsites.com\/educacion-y-compromiso\/comite-del-cambio\/"},"modified":"2025-04-01T17:16:20","modified_gmt":"2025-04-01T17:16:20","slug":"comite-del-cambio","status":"publish","type":"page","link":"https:\/\/dug.org\/es\/educacion-y-compromiso\/comite-del-cambio\/","title":{"rendered":"Comit\u00e9 del cambio"},"content":{"rendered":"[vc_row type=\u00bbfull_width_background\u00bb full_screen_row_position=\u00bbmiddle\u00bb column_margin=\u00bbdefault\u00bb column_direction=\u00bbdefault\u00bb column_direction_tablet=\u00bbdefault\u00bb column_direction_phone=\u00bbdefault\u00bb bg_image=\u00bb860&#8243; bg_position=\u00bbcenter center\u00bb background_image_loading=\u00bbdefault\u00bb bg_repeat=\u00bbno-repeat\u00bb scene_position=\u00bbcenter\u00bb top_padding=\u00bb10%\u00bb bottom_padding=\u00bb4%\u00bb text_color=\u00bbdark\u00bb text_align=\u00bbleft\u00bb row_border_radius=\u00bbnone\u00bb row_border_radius_applies=\u00bbbg\u00bb overflow=\u00bbvisible\u00bb enable_gradient=\u00bbtrue\u00bb color_overlay=\u00bb#000000&#8243; color_overlay_2=\u00bbrgba(0,0,0,0.15)\u00bb overlay_strength=\u00bb0.8&#8243; gradient_direction=\u00bbleft_to_right\u00bb shape_divider_position=\u00bbbottom\u00bb bg_image_animation=\u00bbnone\u00bb parallax_bg=\u00bbtrue\u00bb parallax_bg_speed=\u00bbfast\u00bb gradient_type=\u00bbdefault\u00bb shape_type=\u00bb\u00bb][vc_column column_padding=\u00bbno-extra-padding\u00bb column_padding_tablet=\u00bbinherit\u00bb column_padding_phone=\u00bbinherit\u00bb column_padding_position=\u00bball\u00bb column_element_direction_desktop=\u00bbdefault\u00bb column_element_spacing=\u00bbdefault\u00bb desktop_text_alignment=\u00bbdefault\u00bb tablet_text_alignment=\u00bbdefault\u00bb phone_text_alignment=\u00bbdefault\u00bb background_color_opacity=\u00bb1&#8243; background_hover_color_opacity=\u00bb1&#8243; column_backdrop_filter=\u00bbnone\u00bb column_shadow=\u00bbnone\u00bb column_border_radius=\u00bbnone\u00bb column_link_target=\u00bb_self\u00bb column_position=\u00bbdefault\u00bb gradient_direction=\u00bbleft_to_right\u00bb overlay_strength=\u00bb0.3&#8243; width=\u00bb1\/1&#8243; tablet_width_inherit=\u00bbdefault\u00bb animation_type=\u00bbdefault\u00bb bg_image_animation=\u00bbnone\u00bb border_type=\u00bbsimple\u00bb column_border_width=\u00bbnone\u00bb column_border_style=\u00bbsolid\u00bb][vc_row_inner column_margin=\u00bbdefault\u00bb column_direction=\u00bbdefault\u00bb column_direction_tablet=\u00bbdefault\u00bb column_direction_phone=\u00bbdefault\u00bb text_align=\u00bbleft\u00bb row_position=\u00bbdefault\u00bb row_position_tablet=\u00bbinherit\u00bb row_position_phone=\u00bbinherit\u00bb overflow=\u00bbvisible\u00bb pointer_events=\u00bball\u00bb][vc_column_inner column_padding=\u00bbno-extra-padding\u00bb column_padding_tablet=\u00bbinherit\u00bb column_padding_phone=\u00bbinherit\u00bb column_padding_position=\u00bball\u00bb column_element_direction_desktop=\u00bbdefault\u00bb column_element_spacing=\u00bbdefault\u00bb desktop_text_alignment=\u00bbdefault\u00bb tablet_text_alignment=\u00bbdefault\u00bb phone_text_alignment=\u00bbdefault\u00bb background_color_opacity=\u00bb1&#8243; background_hover_color_opacity=\u00bb1&#8243; column_backdrop_filter=\u00bbnone\u00bb column_shadow=\u00bbnone\u00bb column_border_radius=\u00bbnone\u00bb column_link_target=\u00bb_self\u00bb overflow=\u00bbvisible\u00bb gradient_direction=\u00bbleft_to_right\u00bb overlay_strength=\u00bb0.3&#8243; width=\u00bb2\/3&#8243; tablet_width_inherit=\u00bbdefault\u00bb animation_type=\u00bbdefault\u00bb bg_image_animation=\u00bbnone\u00bb border_type=\u00bbsimple\u00bb column_border_width=\u00bbnone\u00bb column_border_style=\u00bbsolid\u00bb column_padding_type=\u00bbdefault\u00bb gradient_type=\u00bbdefault\u00bb][nectar_highlighted_text text_color=\u00bb#ffffff\u00bb scribble_color=\u00bb#d1eb2f\u00bb style=\u00bbscribble\u00bb scribble_thickness=\u00bbthin\u00bb scribble_speed=\u00bb1.3s\u00bb scribble_easing=\u00bbease_in_out\u00bb text_direction=\u00bbdefault\u00bb]\n<h1>Comit\u00e9 de Cambios del DUG<\/h1>\n[\/nectar_highlighted_text][\/vc_column_inner][vc_column_inner column_padding=\u00bbno-extra-padding\u00bb column_padding_tablet=\u00bbinherit\u00bb column_padding_phone=\u00bbinherit\u00bb column_padding_position=\u00bball\u00bb column_element_direction_desktop=\u00bbdefault\u00bb column_element_spacing=\u00bbdefault\u00bb desktop_text_alignment=\u00bbdefault\u00bb tablet_text_alignment=\u00bbdefault\u00bb phone_text_alignment=\u00bbdefault\u00bb background_color_opacity=\u00bb1&#8243; background_hover_color_opacity=\u00bb1&#8243; column_backdrop_filter=\u00bbnone\u00bb column_shadow=\u00bbnone\u00bb column_border_radius=\u00bbnone\u00bb column_link_target=\u00bb_self\u00bb overflow=\u00bbvisible\u00bb gradient_direction=\u00bbleft_to_right\u00bb overlay_strength=\u00bb0.3&#8243; width=\u00bb1\/3&#8243; tablet_width_inherit=\u00bbdefault\u00bb animation_type=\u00bbdefault\u00bb bg_image_animation=\u00bbnone\u00bb border_type=\u00bbsimple\u00bb column_border_width=\u00bbnone\u00bb column_border_style=\u00bbsolid\u00bb][\/vc_column_inner][\/vc_row_inner][\/vc_column][\/vc_row][vc_row type=\u00bbfull_width_background\u00bb full_screen_row_position=\u00bbmiddle\u00bb column_margin=\u00bbdefault\u00bb column_direction=\u00bbdefault\u00bb column_direction_tablet=\u00bbdefault\u00bb column_direction_phone=\u00bbdefault\u00bb scene_position=\u00bbcenter\u00bb top_padding=\u00bb5%\u00bb constrain_group_1=\u00bbyes\u00bb bottom_padding=\u00bb5%\u00bb top_padding_tablet=\u00bb10%\u00bb constrain_group_3=\u00bbyes\u00bb bottom_padding_tablet=\u00bb10%\u00bb top_padding_phone=\u00bb15%\u00bb constrain_group_5=\u00bbyes\u00bb bottom_padding_phone=\u00bb15%\u00bb text_color=\u00bbdark\u00bb text_align=\u00bbleft\u00bb row_border_radius=\u00bbnone\u00bb row_border_radius_applies=\u00bbbg\u00bb overflow=\u00bbvisible\u00bb overlay_strength=\u00bb0.3&#8243; gradient_direction=\u00bbleft_to_right\u00bb shape_divider_position=\u00bbbottom\u00bb bg_image_animation=\u00bbnone\u00bb gradient_type=\u00bbdefault\u00bb shape_type=\u00bb\u00bb][vc_column column_padding=\u00bbno-extra-padding\u00bb column_padding_tablet=\u00bbinherit\u00bb column_padding_phone=\u00bbinherit\u00bb column_padding_position=\u00bball\u00bb column_element_direction_desktop=\u00bbdefault\u00bb column_element_spacing=\u00bbdefault\u00bb desktop_text_alignment=\u00bbdefault\u00bb tablet_text_alignment=\u00bbdefault\u00bb phone_text_alignment=\u00bbdefault\u00bb background_color_opacity=\u00bb1&#8243; background_hover_color_opacity=\u00bb1&#8243; column_backdrop_filter=\u00bbnone\u00bb column_shadow=\u00bbnone\u00bb column_border_radius=\u00bbnone\u00bb column_link_target=\u00bb_self\u00bb column_position=\u00bbdefault\u00bb gradient_direction=\u00bbleft_to_right\u00bb overlay_strength=\u00bb0.3&#8243; width=\u00bb1\/1&#8243; tablet_width_inherit=\u00bbdefault\u00bb animation_type=\u00bbdefault\u00bb bg_image_animation=\u00bbnone\u00bb border_type=\u00bbsimple\u00bb column_border_width=\u00bbnone\u00bb column_border_style=\u00bbsolid\u00bb column_padding_type=\u00bbdefault\u00bb gradient_type=\u00bbdefault\u00bb][vc_row_inner equal_height=\u00bbyes\u00bb content_placement=\u00bbtop\u00bb column_margin=\u00bb60px\u00bb column_direction=\u00bbdefault\u00bb column_direction_tablet=\u00bbdefault\u00bb column_direction_phone=\u00bbdefault\u00bb text_align=\u00bbleft\u00bb row_position=\u00bbdefault\u00bb row_position_tablet=\u00bbinherit\u00bb row_position_phone=\u00bbinherit\u00bb overflow=\u00bbvisible\u00bb pointer_events=\u00bball\u00bb][vc_column_inner column_padding=\u00bbno-extra-padding\u00bb column_padding_tablet=\u00bbinherit\u00bb column_padding_phone=\u00bbinherit\u00bb column_padding_position=\u00bball\u00bb column_element_direction_desktop=\u00bbdefault\u00bb column_element_spacing=\u00bbdefault\u00bb desktop_text_alignment=\u00bbdefault\u00bb tablet_text_alignment=\u00bbdefault\u00bb phone_text_alignment=\u00bbdefault\u00bb background_color_opacity=\u00bb1&#8243; background_hover_color_opacity=\u00bb1&#8243; column_backdrop_filter=\u00bbnone\u00bb column_shadow=\u00bbnone\u00bb column_border_radius=\u00bbnone\u00bb column_link_target=\u00bb_self\u00bb overflow=\u00bbvisible\u00bb gradient_direction=\u00bbleft_to_right\u00bb overlay_strength=\u00bb0.3&#8243; width=\u00bb2\/5&#8243; tablet_width_inherit=\u00bbdefault\u00bb animation_type=\u00bbdefault\u00bb bg_image_animation=\u00bbnone\u00bb border_type=\u00bbsimple\u00bb column_border_width=\u00bbnone\u00bb column_border_style=\u00bbsolid\u00bb][vc_column_text css=\u00bb\u00bb text_direction=\u00bbdefault\u00bb]\n<h5>Acerca del Comit\u00e9 del Cambio<\/h5>\n[\/vc_column_text][\/vc_column_inner][vc_column_inner column_padding=\u00bbno-extra-padding\u00bb column_padding_tablet=\u00bbinherit\u00bb column_padding_phone=\u00bbinherit\u00bb column_padding_position=\u00bball\u00bb column_element_direction_desktop=\u00bbdefault\u00bb column_element_spacing=\u00bbdefault\u00bb desktop_text_alignment=\u00bbdefault\u00bb tablet_text_alignment=\u00bbdefault\u00bb phone_text_alignment=\u00bbdefault\u00bb background_color_opacity=\u00bb1&#8243; background_hover_color_opacity=\u00bb1&#8243; column_backdrop_filter=\u00bbnone\u00bb column_shadow=\u00bbnone\u00bb column_border_radius=\u00bbnone\u00bb column_link_target=\u00bb_self\u00bb overflow=\u00bbvisible\u00bb gradient_direction=\u00bbleft_to_right\u00bb overlay_strength=\u00bb0.3&#8243; width=\u00bb3\/5&#8243; tablet_width_inherit=\u00bbdefault\u00bb animation_type=\u00bbdefault\u00bb bg_image_animation=\u00bbnone\u00bb border_type=\u00bbsimple\u00bb column_border_width=\u00bbnone\u00bb column_border_style=\u00bbsolid\u00bb][vc_column_text css=\u00bb\u00bb text_direction=\u00bbdefault\u00bb]El Comit\u00e9 del Cambio se form\u00f3 en 2021 para que fuera una forma inclusiva y significativa de que las personas con identidades marginadas* expresaran con sus propias palabras lo que quieren y necesitan de DUG.<\/p>\n<p>Este comit\u00e9, formado por unas 20 personas, se re\u00fane trimestralmente para aportar ideas, organizar y planificar acciones en torno a la Justicia, la Igualdad, la Diversidad y la Inclusi\u00f3n en los programas, actos y dem\u00e1s actividades de DUG.<\/p>\n<p><em>*Las personas pueden experimentar marginaci\u00f3n o discriminaci\u00f3n debido a las identidades que poseen, incluidas, entre otras, la raza, la etnia, el sexo, la sexualidad, la discapacidad, la clase social, la religi\u00f3n, la edad, las lenguas habladas, la situaci\u00f3n de inmigraci\u00f3n\/ciudadan\u00eda, etc. La discriminaci\u00f3n se manifiesta a menudo como barreras sociales, econ\u00f3micas y pol\u00edticas (tanto sutiles como expl\u00edcitas), que desalientan la participaci\u00f3n y la inclusi\u00f3n. Este grupo anima activa y espec\u00edficamente a la gente marginada a participar.  <\/em>[\/vc_column_text][\/vc_column_inner][\/vc_row_inner][\/vc_column][\/vc_row][vc_row type=\u00bbfull_width_background\u00bb full_screen_row_position=\u00bbmiddle\u00bb column_margin=\u00bb60px\u00bb equal_height=\u00bbyes\u00bb content_placement=\u00bbmiddle\u00bb column_direction=\u00bbdefault\u00bb column_direction_tablet=\u00bbdefault\u00bb column_direction_phone=\u00bbdefault\u00bb bg_color=\u00bb#f0f0f0&#8243; scene_position=\u00bbcenter\u00bb top_padding=\u00bb5%\u00bb constrain_group_1=\u00bbyes\u00bb bottom_padding=\u00bb5%\u00bb top_padding_tablet=\u00bb10%\u00bb constrain_group_3=\u00bbyes\u00bb bottom_padding_tablet=\u00bb10%\u00bb top_padding_phone=\u00bb15%\u00bb constrain_group_5=\u00bbyes\u00bb bottom_padding_phone=\u00bb15%\u00bb text_color=\u00bbdark\u00bb text_align=\u00bbleft\u00bb row_border_radius=\u00bbnone\u00bb row_border_radius_applies=\u00bbbg\u00bb overflow=\u00bbvisible\u00bb overlay_strength=\u00bb0.3&#8243; gradient_direction=\u00bbleft_to_right\u00bb shape_divider_position=\u00bbbottom\u00bb bg_image_animation=\u00bbnone\u00bb gradient_type=\u00bbdefault\u00bb shape_type=\u00bb\u00bb][vc_column column_padding=\u00bbno-extra-padding\u00bb column_padding_tablet=\u00bbinherit\u00bb column_padding_phone=\u00bbinherit\u00bb column_padding_position=\u00bball\u00bb column_element_direction_desktop=\u00bbdefault\u00bb column_element_spacing=\u00bbdefault\u00bb desktop_text_alignment=\u00bbdefault\u00bb tablet_text_alignment=\u00bbdefault\u00bb phone_text_alignment=\u00bbdefault\u00bb background_color_opacity=\u00bb1&#8243; background_hover_color_opacity=\u00bb1&#8243; column_backdrop_filter=\u00bbnone\u00bb column_shadow=\u00bbnone\u00bb column_border_radius=\u00bbnone\u00bb column_link_target=\u00bb_self\u00bb column_position=\u00bbdefault\u00bb gradient_direction=\u00bbleft_to_right\u00bb overlay_strength=\u00bb0.3&#8243; width=\u00bb1\/2&#8243; tablet_width_inherit=\u00bbdefault\u00bb animation_type=\u00bbdefault\u00bb bg_image_animation=\u00bbnone\u00bb border_type=\u00bbsimple\u00bb column_border_width=\u00bbnone\u00bb column_border_style=\u00bbsolid\u00bb][image_with_animation image_url=\u00bb863&#8243; image_size=\u00bbportfolio-thumb_large\u00bb animation_type=\u00bbentrance\u00bb animation=\u00bbNone\u00bb animation_movement_type=\u00bbtransform_y\u00bb hover_animation=\u00bbnone\u00bb alignment=\u00bb\u00bb border_radius=\u00bb10px\u00bb box_shadow=\u00bbnone\u00bb image_loading=\u00bbdefault\u00bb max_width=\u00bb100%\u00bb max_width_mobile=\u00bbdefault\u00bb][\/vc_column][vc_column column_padding=\u00bbno-extra-padding\u00bb column_padding_tablet=\u00bbinherit\u00bb column_padding_phone=\u00bbinherit\u00bb column_padding_position=\u00bball\u00bb column_element_direction_desktop=\u00bbdefault\u00bb column_element_spacing=\u00bbdefault\u00bb desktop_text_alignment=\u00bbdefault\u00bb tablet_text_alignment=\u00bbdefault\u00bb phone_text_alignment=\u00bbdefault\u00bb background_color_opacity=\u00bb1&#8243; background_hover_color_opacity=\u00bb1&#8243; column_backdrop_filter=\u00bbnone\u00bb column_shadow=\u00bbnone\u00bb column_border_radius=\u00bbnone\u00bb column_link_target=\u00bb_self\u00bb column_position=\u00bbdefault\u00bb gradient_direction=\u00bbleft_to_right\u00bb overlay_strength=\u00bb0.3&#8243; width=\u00bb1\/2&#8243; tablet_width_inherit=\u00bbdefault\u00bb animation_type=\u00bbdefault\u00bb bg_image_animation=\u00bbnone\u00bb border_type=\u00bbsimple\u00bb column_border_width=\u00bbnone\u00bb column_border_style=\u00bbsolid\u00bb][vc_column_text css=\u00bb\u00bb text_direction=\u00bbdefault\u00bb]\n<h3>Realizar cambios significativos en la comunidad DUG<\/h3>\n[\/vc_column_text][toggles style=\u00bbminimal\u00bb accordion=\u00bbtrue\u00bb accordion_starting_functionality=\u00bbclosed\u00bb][toggle color=\u00bbExtra-Color-1&#8243; heading_tag=\u00bbh5&#8243; heading_tag_functionality=\u00bbdefault\u00bb title=\u00bbTemas tratados\u00bb][vc_column_text css=\u00bb\u00bb text_direction=\u00bbdefault\u00bb]\n<ol>\n<li aria-level=\"1\">Accesibilidad en los Jardines<\/li>\n<li aria-level=\"1\">Derechos sobre la tierra y reconocimiento<\/li>\n<li aria-level=\"1\">Atraer a los j\u00f3venes<\/li>\n<li aria-level=\"1\">Diversidad cultural y representaci\u00f3n<\/li>\n<li aria-level=\"1\">Concienciaci\u00f3n sobre la falta de vivienda<\/li>\n<\/ol>\n[\/vc_column_text][\/toggle][toggle color=\u00bbExtra-Color-1&#8243; heading_tag=\u00bbh5&#8243; heading_tag_functionality=\u00bbdefault\u00bb title=\u00bbExpectativas del Comit\u00e9\u00bb][vc_column_text css=\u00bb\u00bb text_direction=\u00bbdefault\u00bb]Nuestros miembros se comprometen a asistir a reuniones trimestrales de 2 horas que se centran en 1-2 temas determinados colectivamente a principios de cada a\u00f1o. Las reuniones dan prioridad al debate y la colaboraci\u00f3n, en los que los miembros asesoran sobre la toma de decisiones en Denver Urban Gardens. Aunque los miembros que no forman parte del personal son bienvenidos a participar en proyectos realizables tras las reuniones, no es un requisito para ser miembro.[\/vc_column_text][\/toggle][toggle color=\u00bbExtra-Color-1&#8243; heading_tag=\u00bbh5&#8243; heading_tag_functionality=\u00bbdefault\u00bb title=\u00bbC\u00f3mo afiliarse\u00bb][vc_column_text css=\u00bb\u00bb text_direction=\u00bbdefault\u00bb]El Comit\u00e9 del Cambio acoge a nuevos miembros del 1 de noviembre al 31 de diciembre de cada a\u00f1o. Nuestra breve ventana de reclutamiento facilita la incorporaci\u00f3n, ofrece debates en profundidad y apoya la creaci\u00f3n de comunidad. <\/p>\n<p>Damos la bienvenida a todos los miembros de la comunidad de los distintos programas del DUG, incluidos jardineros, L\u00edderes de Jardines escolares, participantes en programas, j\u00f3venes y organizaciones asociadas clave. Nuestro objetivo es equilibrar la composici\u00f3n de la comunidad del DUG para garantizar una mejor representaci\u00f3n, equidad e inclusi\u00f3n en la toma de decisiones.[\/vc_column_text][\/toggle][\/toggles][nectar_btn size=\u00bblarge\u00bb button_style=\u00bbregular\u00bb button_color_2=\u00bbExtra-Color-1&#8243; icon_family=\u00bbdefault_arrow\u00bb text=\u00bbSolicitar ahora\u00bb url=\u00bbhttps:\/\/docs.google.com\/forms\/d\/e\/1FAIpQLScUwC67WvA-NZxd6fgofTf0VkCUGZurkK6p63GaKgYat7VIVg\/viewform\u00bb][\/vc_column][\/vc_row]\n","protected":false},"excerpt":{"rendered":"<p>[vc_row type=\u00bbfull_width_background\u00bb full_screen_row_position=\u00bbmiddle\u00bb column_margin=\u00bbdefault\u00bb column_direction=\u00bbdefault\u00bb column_direction_tablet=\u00bbdefault\u00bb column_direction_phone=\u00bbdefault\u00bb bg_image=\u00bb860&#8243; bg_position=\u00bbcenter center\u00bb background_image_loading=\u00bbdefault\u00bb bg_repeat=\u00bbno-repeat\u00bb scene_position=\u00bbcenter\u00bb top_padding=\u00bb10%\u00bb bottom_padding=\u00bb4%\u00bb text_color=\u00bbdark\u00bb text_align=\u00bbleft\u00bb row_border_radius=\u00bbnone\u00bb row_border_radius_applies=\u00bbbg\u00bb overflow=\u00bbvisible\u00bb enable_gradient=\u00bbtrue\u00bb color_overlay=\u00bb#000000&#8243; color_overlay_2=\u00bbrgba(0,0,0,0.15)\u00bb overlay_strength=\u00bb0.8&#8243; gradient_direction=\u00bbleft_to_right\u00bb shape_divider_position=\u00bbbottom\u00bb bg_image_animation=\u00bbnone\u00bb parallax_bg=\u00bbtrue\u00bb parallax_bg_speed=\u00bbfast\u00bb gradient_type=\u00bbdefault\u00bb&#8230;<\/p>\n","protected":false},"author":1,"featured_media":1442,"parent":8035,"menu_order":0,"comment_status":"closed","ping_status":"closed","template":"","meta":{"_acf_changed":false,"_monsterinsights_skip_tracking":false,"_monsterinsights_sitenote_active":false,"_monsterinsights_sitenote_note":"","_monsterinsights_sitenote_category":0,"footnotes":""},"class_list":["post-8088","page","type-page","status-publish","has-post-thumbnail"],"acf":[],"aioseo_notices":[],"_links":{"self":[{"href":"https:\/\/dug.org\/es\/wp-json\/wp\/v2\/pages\/8088","targetHints":{"allow":["GET"]}}],"collection":[{"href":"https:\/\/dug.org\/es\/wp-json\/wp\/v2\/pages"}],"about":[{"href":"https:\/\/dug.org\/es\/wp-json\/wp\/v2\/types\/page"}],"author":[{"embeddable":true,"href":"https:\/\/dug.org\/es\/wp-json\/wp\/v2\/users\/1"}],"replies":[{"embeddable":true,"href":"https:\/\/dug.org\/es\/wp-json\/wp\/v2\/comments?post=8088"}],"version-history":[{"count":0,"href":"https:\/\/dug.org\/es\/wp-json\/wp\/v2\/pages\/8088\/revisions"}],"up":[{"embeddable":true,"href":"https:\/\/dug.org\/es\/wp-json\/wp\/v2\/pages\/8035"}],"wp:featuredmedia":[{"embeddable":true,"href":"https:\/\/dug.org\/es\/wp-json\/wp\/v2\/media\/1442"}],"wp:attachment":[{"href":"https:\/\/dug.org\/es\/wp-json\/wp\/v2\/media?parent=8088"}],"curies":[{"name":"wp","href":"https:\/\/api.w.org\/{rel}","templated":true}]}}